{"id":289,"date":"2016-07-29T18:30:27","date_gmt":"2016-07-29T16:30:27","guid":{"rendered":"http:\/\/www.remotesensing.it\/?post_type=product&#038;p=289"},"modified":"2025-09-23T14:04:10","modified_gmt":"2025-09-23T12:04:10","slug":"ar-system","status":"publish","type":"product","link":"https:\/\/remotesensing.it\/en\/prodotto\/ar-system\/","title":{"rendered":"AR SYSTEM"},"content":{"rendered":"<p><strong>IL SISTEMA ARS:<\/strong><\/p>\n<p>Il sistema ARS (Augmented Reality System) consente agli utenti di visualizzare su display standard in Realt\u00e0 Aumentata, cio\u00e8, sovrapporre in tempo reale e in maniera completamente 3D a immagini LIVE, qualsiasi informazione digitale (video o immagini) in modo georeferenziato.<\/p>\n<p>ARS pu\u00f2 essere utilizzato in parallelo (come soluzione stand-alone) e integrato con sistemi di sorveglianza video esistenti.<\/p>\n<p>Tramite ARS Si pu\u00f2 sovrapporre in tempo reale a un flusso video proveniente da IR, telecamere termiche o visibile, un qualsiasi elemento grafico contestualizzato provenienti da un database di contenuti digitali georeferenziati. Cos\u00ec si pu\u00f2 vedere ad esempio, sovrapposto alle immagini video di un lago o di una diga, le informazioni relative alla sollecitazione meccanica delle pareti diga o l&#8217;avatar di una presenza umana nascosta alla vista telecamera, ma identificata da sensori locali.<\/p>\n<p>ARS \u00e8 un sistema di DATAFUSION REAL TIME in grado di gestire e fondere diverse fonti di dati georeferenziati (flussi video, immagini, sensori di dati, ..) al fine di consentire all&#8217;utente di beneficiare di una vista multisensoriale integrata dello scenario sotto controllo . ARS \u00e8 integrabile direttamente con sistemi di sorveglianza Long Range per mezzo di una centralina e controlli PTZ.<\/p>\n<p>L&#8217;utente pu\u00f2 muoversi in PTZ sul canale video di riferimento e visualizzare automaticamente informazioni in modalit\u00e0 Augmented Reality sovrapposte alle immagini acquisite e ai video provenienti dalle telecamere di sorveglianza per mezzo di controlli standard: \u00e8 inoltre possibile visualizzare i risultati su display standard sia in modalit\u00e0 di funzionamento locale e remota.<\/p>\n<p><img data-recalc-dims=\"1\" fetchpriority=\"high\" decoding=\"async\" class=\"alignnone wp-image-46 size-full\" src=\"https:\/\/i0.wp.com\/www.remotesensing.it\/commerce\/wp-content\/uploads\/2016\/07\/AR_schema.jpg?resize=800%2C572\" alt=\"AR_schema\" width=\"800\" height=\"572\" srcset=\"https:\/\/i0.wp.com\/remotesensing.it\/wp-content\/uploads\/2016\/07\/AR_schema.jpg?w=800&amp;ssl=1 800w, https:\/\/i0.wp.com\/remotesensing.it\/wp-content\/uploads\/2016\/07\/AR_schema.jpg?resize=600%2C429&amp;ssl=1 600w, https:\/\/i0.wp.com\/remotesensing.it\/wp-content\/uploads\/2016\/07\/AR_schema.jpg?resize=300%2C215&amp;ssl=1 300w, https:\/\/i0.wp.com\/remotesensing.it\/wp-content\/uploads\/2016\/07\/AR_schema.jpg?resize=768%2C549&amp;ssl=1 768w\" sizes=\"(max-width: 800px) 100vw, 800px\" \/><\/p>\n<h4 class=\"bottom_line regular\">Funzionalit\u00e0 principali:<\/h4>\n<p>Da un punto di vista funzionale il sistema ARS pu\u00f2 essere utilizzato in due configurazioni operative:<\/p>\n<ol class=\"numbered_list\">\n<li><strong>Configurazione SINGOLA<\/strong>, in cui il sistema ARS utilizza il sistema AXIS 233D dome PTZ come telecamera di riferimento. In questa configurazione il sistema necessita solo di essere interfacciato con i dati provenienti dai sensori esistenti i dati del campo o da simulazioni provenienti dai processori numerici dedicati. \u00e8 disponibile anche una versione con sistema di ripresa a 360 \u00b0 (vedi immagine 1); in questa configurazione non ci sono parti in movimento, ed i controlli PTZ sono simulate da SW in tempo reale su un&#8217;immagine di 25 Mpixel a colori.<br \/>\nIl sistema ARS \u00e8 in grado di fornire una risoluzione angolare di circa 0.01 grado: questaa risoluzione \u00e8 necessaria al fine di creare una perfetta corrispondenza tra immagini reali e contenuti digitali di realt\u00e0 aumentata.<\/li>\n<li><strong>Configurazione INTEGRATA<\/strong>, in cui solo l&#8217;unit\u00e0 di controllo \u00e8 utilizzata per la fusione dei dati e di elaborazione grafica in tempo reale, mentre le immagini di riferimento sono acquisite dalle telecamere di sorveglianza selezionate dal cliente. In questa configurazione \u00e8 necessario ricevere i valori PTZ dalle telecamere di sorveglianza in modo da generare la sincronizzazione tra immagini e grafica.<\/li>\n<\/ol>\n<p>In entrambi i casi, i comandi PTZ sono ottenuti da controlli dedicati (joystick o controlli angolari e separati da una piattaforma di controllo integrato che funge da Data Hub e Graphic Processor.<\/p>\n<div class=\"clear padding10\"><\/div>\n<h4 class=\"bottom_line regular\">Centralina e unit\u00e0 di elaborazione dati:<\/h4>\n<ul class=\"iconic_list\">\n<li>Elabora in tempo reale i rendering grafici ed esegue l&#8217;attivit\u00e0 di fusione dei dati;<\/li>\n<li>Elabora il database di contenuti digitali;<\/li>\n<li>Elabora l&#8217;ambiente di authoring.<\/li>\n<\/ul>\n<p>L&#8217;unit\u00e0 di controllo ed elaborazione gestisce l&#8217;intero processo: dall&#8217;acquisizione dei dati alla fase di Data Fusion grafica.<br \/>\nIl SW fornito con ARS comprende anche un ambiente specifico authoring dove \u00e8 possibile definire la corrispondenza tra le immagini provenienti dal mondo reale, acquisite dai sensori di sorveglianza, ed i contenuti multimediali.<\/p>\n<p>L&#8217;ambiente SW degli ARS \u00e8 composto da un&#8217;applicazione che si interfaccia con l&#8217;intero sistema di sensori fisici e con il display dell&#8217;utente. Questa applicazione gestisce anche:<\/p>\n<ul class=\"iconic_list\">\n<li>la produzione di streaming video integrata con contributi multimediali in Augmented Reality , gestendo i contributi multimediali dal database dei contenuti dedicato;<\/li>\n<li>la fase di calibrazione, in cui i contenuti digitali e POI sono associati ai FOW.<\/li>\n<\/ul>\n<p>Il sottosistema grafico fornisce le seguenti funzioni:<\/p>\n<ul class=\"iconic_list\">\n<li>la gestione dell&#8217;interazione tra telecamera e i sensori di posizione del sistema di brabdeggio della telecamera.<\/li>\n<\/ul>\n<div class=\"clear padding10\"><\/div>\n<h4 class=\"bottom_line regular\">Fase operativa:<\/h4>\n<ul class=\"iconic_list\">\n<li>la rivelazione di bersagli ripresi dalla fotocamera, e la produzione di segnali visivi per attirare l&#8217;attenzione dell&#8217;utente in modo da consentire l&#8217;utilizzo di contributi multimediali associati;<\/li>\n<li>la gestione dell&#8217;attivazione e disattivazione dei contenuti multimediali associata al sistema di controllo PTZ.<\/li>\n<\/ul>\n","protected":false},"excerpt":{"rendered":"<table border=\"0\">\n<tbody>\n<tr>\n<td valign=\"top\" width=\"244\">\n<p align=\"center\">Sistema Operativo<\/p>\n<\/td>\n<td valign=\"top\" width=\"245\">\n<p align=\"center\">Windows Vista<\/p>\n<\/td>\n<\/tr>\n<tr bgcolor=\"#dcdcdc\">\n<td valign=\"top\" width=\"244\">\n<p align=\"center\">CPU<\/p>\n<\/td>\n<td valign=\"top\" width=\"245\">\n<p align=\"center\">Intel Core Duo o superiore<\/p>\n<\/td>\n<\/tr>\n<tr>\n<td valign=\"top\" width=\"244\">\n<p align=\"center\">RAM<\/p>\n<\/td>\n<td valign=\"top\" width=\"245\">\n<p align=\"center\">4 Giga<\/p>\n<\/td>\n<\/tr>\n<tr bgcolor=\"#dcdcdc\">\n<td valign=\"top\" width=\"244\">\n<p align=\"center\">Disco Rigido<\/p>\n<\/td>\n<td valign=\"top\" width=\"245\">\n<p align=\"center\">500 GB<\/p>\n<\/td>\n<\/tr>\n<tr>\n<td valign=\"top\" width=\"244\">\n<p align=\"center\">Scheda grafica<\/p>\n<\/td>\n<td valign=\"top\" width=\"245\">\n<p align=\"center\">Nvidia Geforce 9000 series o equivalente<\/p>\n<\/td>\n<\/tr>\n<tr bgcolor=\"#dcdcdc\">\n<td valign=\"top\" width=\"244\">\n<p align=\"center\">Network<\/p>\n<\/td>\n<td valign=\"top\" width=\"245\">\n<p align=\"center\">Gigabit Ethernet<\/p>\n<\/td>\n<\/tr>\n<tr>\n<td valign=\"top\" width=\"244\">\n<p align=\"center\">Dimensioni<\/p>\n<\/td>\n<td valign=\"top\" width=\"245\">\n<p align=\"center\">400 x 400 x 200 mm<\/p>\n<\/td>\n<\/tr>\n<tr bgcolor=\"#dcdcdc\">\n<td valign=\"top\" width=\"244\">\n<p align=\"center\">Peso<\/p>\n<\/td>\n<td valign=\"top\" width=\"245\">\n<p align=\"center\">8 Kg<\/p>\n<\/td>\n<\/tr>\n<tr>\n<td valign=\"top\" width=\"244\">\n<p align=\"center\">Alimentazione e consumo energetico<\/p>\n<\/td>\n<td valign=\"top\" width=\"245\">\n<p align=\"center\">100W @12 VDC<\/p>\n<\/td>\n<\/tr>\n<\/tbody>\n<\/table>\n<p><a class=\"button black\" href=\"https:\/\/remotesensing.it\/wp-content\/uploads\/2024\/01\/AR_System.pdf\" target=\"_blank\" rel=\"noopener\">Download PDF<\/a><\/p>\n","protected":false},"featured_media":180,"comment_status":"open","ping_status":"closed","template":"","meta":[],"product_brand":[],"product_cat":[9],"product_tag":[],"class_list":{"0":"post-289","1":"product","2":"type-product","3":"status-publish","4":"has-post-thumbnail","6":"product_cat-software","8":"first","9":"instock","10":"taxable","11":"shipping-taxable","12":"product-type-simple"},"jetpack_sharing_enabled":true,"_links":{"self":[{"href":"https:\/\/remotesensing.it\/en\/wp-json\/wp\/v2\/product\/289","targetHints":{"allow":["GET"]}}],"collection":[{"href":"https:\/\/remotesensing.it\/en\/wp-json\/wp\/v2\/product"}],"about":[{"href":"https:\/\/remotesensing.it\/en\/wp-json\/wp\/v2\/types\/product"}],"replies":[{"embeddable":true,"href":"https:\/\/remotesensing.it\/en\/wp-json\/wp\/v2\/comments?post=289"}],"wp:featuredmedia":[{"embeddable":true,"href":"https:\/\/remotesensing.it\/en\/wp-json\/wp\/v2\/media\/180"}],"wp:attachment":[{"href":"https:\/\/remotesensing.it\/en\/wp-json\/wp\/v2\/media?parent=289"}],"wp:term":[{"taxonomy":"product_brand","embeddable":true,"href":"https:\/\/remotesensing.it\/en\/wp-json\/wp\/v2\/product_brand?post=289"},{"taxonomy":"product_cat","embeddable":true,"href":"https:\/\/remotesensing.it\/en\/wp-json\/wp\/v2\/product_cat?post=289"},{"taxonomy":"product_tag","embeddable":true,"href":"https:\/\/remotesensing.it\/en\/wp-json\/wp\/v2\/product_tag?post=289"}],"curies":[{"name":"wp","href":"https:\/\/api.w.org\/{rel}","templated":true}]}}